{"id":6,"date":"2016-05-18T15:29:12","date_gmt":"2016-05-18T14:29:12","guid":{"rendered":"https:\/\/www.demenagement-45.com\/?page_id=6"},"modified":"2023-12-04T10:28:36","modified_gmt":"2023-12-04T09:28:36","slug":"demenageur","status":"publish","type":"page","link":"https:\/\/www.demenagement-45.com\/","title":{"rendered":"D\u00e9m\u00e9nagement 45 le  D\u00e9m\u00e9nageur d&#8217;Orl\u00e9an"},"content":{"rendered":"\n<p>Nous sommes une <strong>entreprise de d\u00e9m\u00e9nagement<\/strong> qui travaille sur les plans r\u00e9gional et national, mais nous sommes reconnus surtout au niveau international. Pour ces trois cat\u00e9gories de <strong>d\u00e9m\u00e9nagement<\/strong>, nous faisons les devis de <strong>d\u00e9m\u00e9nagement<\/strong> gratuitement.<\/p>\n\n\n\n<p>Cette visite technique est l&#8217;\u00e9tape la plus importante, car elle permet d&#8217;\u00e9valuer les volumes que vous souhaitez emporter avec vous dans votre nouvel habitat pour pouvoir ainsi en conclure le devis de votre <a href=\"https:\/\/www.demenageur.com\/devis-demenagement\/\"><strong>d\u00e9m\u00e9nagement <\/strong><\/a>dans les d\u00e9tails. En plus de faire un constat sur les lieux, nous effectuons en plus une visite technique virtuelle pour prouver \u00e0 notre client\u00e8le que nous \u00e9tudions minutieusement chaque cas de<strong> d\u00e9m\u00e9nagement <\/strong>avant d&#8217;entamer quoi que ce soit.<\/p>\n\n\n\n<h2 class=\"wp-block-heading\">Nos services de <strong>d\u00e9m\u00e9nagement<\/strong><\/h2>\n\n\n\n<p>Nous nous effor\u00e7ons de fournir \u00e0 notre client\u00e8le des services impeccables qui correspondent le mieux \u00e0 leurs attentes. Pour cela, nous sommes r\u00e9put\u00e9s pour \u00eatre \u00e0 l&#8217;\u00e9coute de nos clients. Notre \u00e9quipe de <strong>d\u00e9m\u00e9nageur <\/strong>s&#8217;engage de vous donner votre devis en seulement 24h apr\u00e8s la visite et tout cela ne vous engage en rien. Une fois le devis r\u00e9alis\u00e9, nous r\u00e9alisons une approche personnalis\u00e9e afin de vous assurer une prestation adapt\u00e9e \u00e0 vos besoins r\u00e9els. Des techniciens professionnels vous suivront tout au long de la d\u00e9marche pour vous conseiller sur des \u00e9ventuelles surprises pour vous \u00e9viter d&#8217;avoir \u00e0 faire \u00e0 des frais suppl\u00e9mentaires. Nous mettons \u00e9galement \u00e0 votre disposition un <strong>d\u00e9m\u00e9nageur<\/strong> interlocuteur multilingue pour r\u00e9pondre \u00e0 toutes vos questions. Notre seul but est de vous satisfaire enti\u00e8rement en vous apportant un service complet, un service de qualit\u00e9 au prix le plus juste. Nous ne travaillons pas seuls, car nous avons une centaine de partenaires certifi\u00e9s \u00e9parpill\u00e9s aux quatre coins du monde et nous effectuant plus de 600 <strong>d\u00e9m\u00e9nagement<\/strong> internationaux par an ce qui donne pr\u00e8s de 13 000 m3 d\u00e9m\u00e9nag\u00e9s. Nous intervenons \u00e9galement dans plus de 220 pays du monde. Nous ne nous limitons pas au <strong>d\u00e9m\u00e9nagement <\/strong>des particuliers, nous proposons aussi nos services aupr\u00e8s des entreprises.<\/p>\n\n\n\n<h2 class=\"wp-block-heading\"><strong>D\u00e9m\u00e9nager <\/strong>\u00e0 l&#8217;\u00e9tranger avec nous<\/h2>\n\n\n\n<p>La premi\u00e8re chose \u00e0 faire, c&#8217;est de d\u00e9terminer le type de <strong>d\u00e9m\u00e9nagement<\/strong> en fonction des besoins et de la destination. Un choix adapt\u00e9 permet de minimiser les co\u00fbts et de ma\u00eetriser le d\u00e9roulement pour une efficacit\u00e9 maximum. En fonction de la particularit\u00e9 de votre cas, on peut choisir entre le <strong>d\u00e9m\u00e9nagement<\/strong> par voie maritime, par voie a\u00e9rienne ou par voie terrestre. La raison du <strong>d\u00e9m\u00e9nagement <\/strong>est le plus souvent d&#8217;ordre professionnel et pour cette raison, nous offrons os services aupr\u00e8s des entreprises. Un <strong>d\u00e9m\u00e9nagement<\/strong> d&#8217;entreprise comporte plusieurs grands changements ; et nous sommes une des rares <strong>entreprises de d\u00e9m\u00e9nagement&nbsp;<\/strong>qui sauront r\u00e9pondre \u00e0 vos demandes. Comme il s&#8217;agit de toute l&#8217;entreprise, nous pr\u00e9conisons la fin d&#8217;ann\u00e9e fiscale pour faciliter votre reprise d&#8217;activit\u00e9. Nous prenons \u00e9galement en compte les r\u00e9percutions que le <strong>d\u00e9m\u00e9nagement<\/strong> peut avoir sur la vie quotidienne des employ\u00e9s, pour cela, nous tenons \u00e9galement en compte les vacances scolaires et la rentr\u00e9e afin d&#8217;\u00e9viter \u00e0 vos enfants de d\u00e9barquer dans leurs nouvelles \u00e9coles en plein semestre. Le volume de la soci\u00e9t\u00e9 \u00e0 <strong>d\u00e9m\u00e9nager<\/strong> est aussi pris en compte afin de d\u00e9terminer le nombre de semaine ou de mois n\u00e9cessaire pour les pr\u00e9paratifs. Comme nous ne faisons aucune discrimination sur les soci\u00e9t\u00e9s avec qui on traite, nous disposons d&#8217;un r\u00e9seau de partenaires qualifi\u00e9s qui nous permet de garantir le d\u00e9placement de vos outils de travail, peu importe la nature, le volume et la quantit\u00e9 de vos activit\u00e9s. Nous nous engageant \u00e0 vous accompagner et \u00e0 vous conseiller sur la pr\u00e9paration de la logistique n\u00e9cessaire pour votre d\u00e9part \u00e0 l&#8217;\u00e9tranger. Pour ce qui est de la pr\u00e9paration de vos affaires, nous vous fournissant des offres modulables pour l&#8217;emballage. Les mat\u00e9riels que nous proposons ne se limitent pas au simple <strong>carton de d\u00e9m\u00e9nagement&nbsp;<\/strong>, nous vous recommandant au contraire de nous confier l&#8217;emballage de vos biens pour un travail plus professionnel donc plus s\u00fbr, surtout pour les mobiliers transitant par voie maritime.<\/p>\n\n\n\n<h2 class=\"wp-block-heading\">Nos services de garde-meuble pour votre <strong>d\u00e9m\u00e9nagement<\/strong><\/h2>\n\n\n\n<p>Un changement d&#8217;habitat n&#8217;est pas forc\u00e9ment programmable \u00e0 l&#8217;avance surtout dans le cas d&#8217;une mutation ou d&#8217;autres cas de force majeure. Dans ces cas-l\u00e0, le <strong>carton de d\u00e9m\u00e9nagement <\/strong>n&#8217;est pas suffisant. Il se peut que vous deviez partir dans l&#8217;imm\u00e9diat donc, vous ne pourrez emporter avec vous que le strict n\u00e9cessaire, notre garde-meuble est la meilleure solution qui soit pour vous. Nous vous sugg\u00e9rons deux solutions : la premi\u00e8re, vous pouvez choisir de stocker vos biens dans nos garde-meubles situ\u00e9s en France ce qui est fortement conseill\u00e9 si un retour \u00e9ventuel en France est plausible ce qui vous \u00e9vitera des charges colossales. Sinon, vous pouvez directement entreposer vos meubles dans nos garde-meubles de votre ville de destination en attendant que vous trouviez votre prochain logis.<\/p>\n","protected":false},"excerpt":{"rendered":"<p>Nous sommes une entreprise de d\u00e9m\u00e9nagement qui travaille sur les plans r\u00e9gional et national, mais nous sommes reconnus surtout au niveau international. Pour ces trois cat\u00e9gories de d\u00e9m\u00e9nagement, nous faisons les devis de d\u00e9m\u00e9nagement gratuitement. Cette visite technique est l&#8217;\u00e9tape la plus importante, car elle permet d&#8217;\u00e9valuer les volumes que vous souhaitez emporter avec vous &hellip; <a href=\"https:\/\/www.demenagement-45.com\/\" class=\"more-link\">Continue reading <span class=\"screen-reader-text\">D\u00e9m\u00e9nagement 45 le  D\u00e9m\u00e9nageur d&#8217;Orl\u00e9an<\/span> <span class=\"meta-nav\">&rarr;<\/span><\/a><\/p>\n","protected":false},"author":1,"featured_media":0,"parent":0,"menu_order":0,"comment_status":"closed","ping_status":"closed","template":"","meta":{"_seopress_robots_primary_cat":"","_seopress_titles_title":"","_seopress_titles_desc":"","_seopress_robots_index":"","footnotes":""},"class_list":["post-6","page","type-page","status-publish","hentry"],"_links":{"self":[{"href":"https:\/\/www.demenagement-45.com\/index.php\/wp-json\/wp\/v2\/pages\/6","targetHints":{"allow":["GET"]}}],"collection":[{"href":"https:\/\/www.demenagement-45.com\/index.php\/wp-json\/wp\/v2\/pages"}],"about":[{"href":"https:\/\/www.demenagement-45.com\/index.php\/wp-json\/wp\/v2\/types\/page"}],"author":[{"embeddable":true,"href":"https:\/\/www.demenagement-45.com\/index.php\/wp-json\/wp\/v2\/users\/1"}],"replies":[{"embeddable":true,"href":"https:\/\/www.demenagement-45.com\/index.php\/wp-json\/wp\/v2\/comments?post=6"}],"version-history":[{"count":6,"href":"https:\/\/www.demenagement-45.com\/index.php\/wp-json\/wp\/v2\/pages\/6\/revisions"}],"predecessor-version":[{"id":17,"href":"https:\/\/www.demenagement-45.com\/index.php\/wp-json\/wp\/v2\/pages\/6\/revisions\/17"}],"wp:attachment":[{"href":"https:\/\/www.demenagement-45.com\/index.php\/wp-json\/wp\/v2\/media?parent=6"}],"curies":[{"name":"wp","href":"https:\/\/api.w.org\/{rel}","templated":true}]}}